{"id":107,"date":"2016-10-09T17:46:35","date_gmt":"2016-10-09T15:46:35","guid":{"rendered":"http:\/\/momentblende.de\/?page_id=107"},"modified":"2025-09-24T11:50:56","modified_gmt":"2025-09-24T09:50:56","slug":"about","status":"publish","type":"page","link":"http:\/\/momentblende.com\/wordpress\/de\/about\/","title":{"rendered":"Zur Person"},"content":{"rendered":"<p><img loading=\"lazy\" decoding=\"async\" class=\"alignright size-full wp-image-134\" src=\"https:\/\/momentblende.com\/wp-content\/uploads\/anne.jpg\" alt=\"anne\" width=\"140\" height=\"185\" \/>Hinter &#8222;momentblende&#8220; stecke ich, Anne Valdambrini<br \/>\ndiplomiert als Wirtschaftsinformatikerin im Dualstudium an der <a href=\"http:\/\/www.ba-bautzen.de\/studienakademie-bautzen\/\" target=\"_blank\" rel=\"noopener\">BA Bautzen<\/a><\/p>\n<p>Ich bin ein kreativer Freigeist mit vielen Jahren Erfahrung als Programmiererin, u. A. im \u00f6ffentlichen Dienst, in der Forschung und in der Qualit\u00e4tssicherung.<\/p>\n<p>Bis heute durfte ich schon viele interessante Projekte begleiten. Angefangen bei Computer-Programmierung, vor allem mit Web-Technologie, teilweise einschlie\u00dflich Strukturierung und Nutzung von Datenbanken, bis hin zur Satzarbeit und Fotografie. Letzteres ist eine gro\u00dfe Leidenschaft f\u00fcr mich, sei es des rein kreativen Einsatzes oder des technischen Hintergrundes wegen.<\/p>\n<p><i><span=style=\"color:#d87656;\">Was bedeutet &#8222;momentblende&#8220;?<\/span><\/u><\/p>\n<p>Das Wort an sich gibt es nicht, ich sehe die Kombination eher als Motto. Fotografen wissen, dass einfach alles stimmen muss: das Motiv, das Licht, der Fokus, die Bedingungen. Ich mag die Liebe zum Detail in meiner Arbeit und ich versuche, einzelne Momente auf die bestm\u00f6glichen Weise festzuhalten.<\/p>\n<p><em>momentblende, wenn Kreativit\u00e4t auf Logik trifft<\/em><\/p>","protected":false},"excerpt":{"rendered":"<p>Hinter &#8222;momentblende&#8220; stecke ich, Anne Valdambrini diplomiert als Wirtschaftsinformatikerin im Dualstudium an der BA Bautzen Ich bin ein kreativer Freigeist mit vielen Jahren Erfahrung als Programmiererin, u. A. im \u00f6ffentlichen Dienst, in der Forschung und in der Qualit\u00e4tssicherung. Bis heute durfte ich schon viele interessante Projekte begleiten. Angefangen bei Computer-Programmierung, vor allem mit Web-Technologie, teilweise&#8230;<\/p>\n","protected":false},"author":1,"featured_media":0,"parent":0,"menu_order":0,"comment_status":"closed","ping_status":"closed","template":"","meta":{"footnotes":""},"class_list":["post-107","page","type-page","status-publish","hentry"],"_links":{"self":[{"href":"http:\/\/momentblende.com\/wordpress\/de\/wp-json\/wp\/v2\/pages\/107","targetHints":{"allow":["GET"]}}],"collection":[{"href":"http:\/\/momentblende.com\/wordpress\/de\/wp-json\/wp\/v2\/pages"}],"about":[{"href":"http:\/\/momentblende.com\/wordpress\/de\/wp-json\/wp\/v2\/types\/page"}],"author":[{"embeddable":true,"href":"http:\/\/momentblende.com\/wordpress\/de\/wp-json\/wp\/v2\/users\/1"}],"replies":[{"embeddable":true,"href":"http:\/\/momentblende.com\/wordpress\/de\/wp-json\/wp\/v2\/comments?post=107"}],"version-history":[{"count":32,"href":"http:\/\/momentblende.com\/wordpress\/de\/wp-json\/wp\/v2\/pages\/107\/revisions"}],"predecessor-version":[{"id":526,"href":"http:\/\/momentblende.com\/wordpress\/de\/wp-json\/wp\/v2\/pages\/107\/revisions\/526"}],"wp:attachment":[{"href":"http:\/\/momentblende.com\/wordpress\/de\/wp-json\/wp\/v2\/media?parent=107"}],"curies":[{"name":"wp","href":"https:\/\/api.w.org\/{rel}","templated":true}]}}